{"id":7223,"date":"2024-04-09T15:05:33","date_gmt":"2024-04-09T15:05:33","guid":{"rendered":"https:\/\/rda.si\/?page_id=7223"},"modified":"2024-04-24T12:05:53","modified_gmt":"2024-04-24T12:05:53","slug":"strojni-park","status":"publish","type":"page","link":"http:\/\/rda.si\/en\/strojni-park\/","title":{"rendered":"Machinery"},"content":{"rendered":"<div data-elementor-type=\"wp-page\" data-elementor-id=\"7223\" class=\"elementor elementor-7223\">\n\t\t\t\t\t\t<section class=\"elementor-section elementor-top-section elementor-element elementor-element-bd9aa1b scheme_default elementor-section-boxed elementor-section-height-default elementor-section-height-default sc_fly_static\" data-id=\"bd9aa1b\" data-element_type=\"section\">\n\t\t\t\t\t\t<div class=\"elementor-container elementor-column-gap-extended\">\n\t\t\t\t\t<div class=\"elementor-column elementor-col-100 elementor-top-column elementor-element elementor-element-58162b4 sc_inner_width_none sc_content_align_inherit sc_layouts_column_icons_position_left sc_fly_static\" data-id=\"58162b4\" data-element_type=\"column\">\n\t\t\t<div class=\"elementor-widget-wrap elementor-element-populated\">\n\t\t\t\t\t\t<div class=\"elementor-element elementor-element-c7ff2ab sc_height_medium sc_fly_static elementor-widget elementor-widget-spacer\" data-id=\"c7ff2ab\" data-element_type=\"widget\" data-widget_type=\"spacer.default\">\n\t\t\t\t<div class=\"elementor-widget-container\">\n\t\t\t\t\t\t\t<div class=\"elementor-spacer\">\n\t\t\t<div class=\"elementor-spacer-inner\"><\/div>\n\t\t<\/div>\n\t\t\t\t\t\t<\/div>\n\t\t\t\t<\/div>\n\t\t\t\t<div class=\"elementor-element elementor-element-1421480 sc_layouts_hide_on_notebook sc_layouts_hide_on_tablet sc_layouts_hide_on_mobile sc_fly_static elementor-widget elementor-widget-spacer\" data-id=\"1421480\" data-element_type=\"widget\" data-widget_type=\"spacer.default\">\n\t\t\t\t<div class=\"elementor-widget-container\">\n\t\t\t\t\t\t\t<div class=\"elementor-spacer\">\n\t\t\t<div class=\"elementor-spacer-inner\"><\/div>\n\t\t<\/div>\n\t\t\t\t\t\t<\/div>\n\t\t\t\t<\/div>\n\t\t\t\t<section class=\"elementor-section elementor-inner-section elementor-element elementor-element-785f973 elementor-section-boxed elementor-section-height-default elementor-section-height-default sc_fly_static\" data-id=\"785f973\" data-element_type=\"section\">\n\t\t\t\t\t\t<div class=\"elementor-container elementor-column-gap-extended\">\n\t\t\t\t\t<div class=\"elementor-column elementor-col-50 elementor-inner-column elementor-element elementor-element-65c8ff4 sc_inner_width_none sc_content_align_inherit sc_layouts_column_icons_position_left sc_fly_static\" data-id=\"65c8ff4\" data-element_type=\"column\">\n\t\t\t<div class=\"elementor-widget-wrap elementor-element-populated\">\n\t\t\t\t\t\t<div class=\"elementor-element elementor-element-3f7e61a sc_fly_static elementor-widget elementor-widget-image\" data-id=\"3f7e61a\" data-element_type=\"widget\" data-widget_type=\"image.default\">\n\t\t\t\t<div class=\"elementor-widget-container\">\n\t\t\t\t\t\t\t\t\t\t\t\t\t\t\t<img fetchpriority=\"high\" decoding=\"async\" width=\"400\" height=\"311\" src=\"https:\/\/rda.si\/wp-content\/uploads\/2024\/04\/quicktech_tt42.jpgwidth400height600quality90.webp\" class=\"attachment-large size-large wp-image-7683\" alt=\"\" srcset=\"https:\/\/rda.si\/wp-content\/uploads\/2024\/04\/quicktech_tt42.jpgwidth400height600quality90.webp 400w, https:\/\/rda.si\/wp-content\/uploads\/2024\/04\/quicktech_tt42.jpgwidth400height600quality90-300x233.webp 300w, https:\/\/rda.si\/wp-content\/uploads\/2024\/04\/quicktech_tt42.jpgwidth400height600quality90-15x12.webp 15w, https:\/\/rda.si\/wp-content\/uploads\/2024\/04\/quicktech_tt42.jpgwidth400height600quality90-370x288.webp 370w\" sizes=\"(max-width: 600px) 100vw, 400px\" \/>\t\t\t\t\t\t\t\t\t\t\t\t\t\t\t<\/div>\n\t\t\t\t<\/div>\n\t\t\t\t\t<\/div>\n\t\t<\/div>\n\t\t\t\t<div class=\"elementor-column elementor-col-50 elementor-inner-column elementor-element elementor-element-a9b4e6e sc_inner_width_none sc_content_align_inherit sc_layouts_column_icons_position_left sc_fly_static\" data-id=\"a9b4e6e\" data-element_type=\"column\">\n\t\t\t<div class=\"elementor-widget-wrap elementor-element-populated\">\n\t\t\t\t\t\t<div class=\"elementor-element elementor-element-b2cde15 sc_fly_static elementor-widget elementor-widget-trx_sc_title\" data-id=\"b2cde15\" data-element_type=\"widget\" data-widget_type=\"trx_sc_title.default\">\n\t\t\t\t<div class=\"elementor-widget-container\">\n\t\t\t\t\t<div\t\tclass=\"sc_title sc_title_default\" ><h1 class=\"sc_item_title sc_title_title sc_item_title_style_default sc_item_title_tag\"\n\t\t\t><span class=\"sc_item_title_text\">CNC lathes<\/span><\/h1><\/div>\t\t\t\t<\/div>\n\t\t\t\t<\/div>\n\t\t\t\t<div class=\"elementor-element elementor-element-e764251 sc_fly_static elementor-widget elementor-widget-spacer\" data-id=\"e764251\" data-element_type=\"widget\" data-widget_type=\"spacer.default\">\n\t\t\t\t<div class=\"elementor-widget-container\">\n\t\t\t\t\t\t\t<div class=\"elementor-spacer\">\n\t\t\t<div class=\"elementor-spacer-inner\"><\/div>\n\t\t<\/div>\n\t\t\t\t\t\t<\/div>\n\t\t\t\t<\/div>\n\t\t\t\t<div class=\"elementor-element elementor-element-9e1e1d0 sc_fly_static elementor-widget elementor-widget-text-editor\" data-id=\"9e1e1d0\" data-element_type=\"widget\" data-widget_type=\"text-editor.default\">\n\t\t\t\t<div class=\"elementor-widget-container\">\n\t\t\t\t\t\t\t\t\t<p>We provide high-precision CNC turning for a variety of materials and shapes. Our CNC lathes enable the manufacture of complex parts with extreme precision and offer a wide range of machining options. Whatever the requirements of your project, we are here to provide fast, reliable and quality CNC services.<\/p>\t\t\t\t\t\t\t\t<\/div>\n\t\t\t\t<\/div>\n\t\t\t\t\t<\/div>\n\t\t<\/div>\n\t\t\t\t\t<\/div>\n\t\t<\/section>\n\t\t\t\t<section class=\"elementor-section elementor-inner-section elementor-element elementor-element-a5f34aa elementor-section-boxed elementor-section-height-default elementor-section-height-default sc_fly_static\" data-id=\"a5f34aa\" data-element_type=\"section\">\n\t\t\t\t\t\t<div class=\"elementor-container elementor-column-gap-no\">\n\t\t\t\t\t<div class=\"elementor-column elementor-col-100 elementor-inner-column elementor-element elementor-element-bbbfb45 sc_inner_width_none sc_content_align_inherit sc_layouts_column_icons_position_left sc_fly_static\" data-id=\"bbbfb45\" data-element_type=\"column\">\n\t\t\t<div class=\"elementor-widget-wrap elementor-element-populated\">\n\t\t\t\t\t\t<div class=\"elementor-element elementor-element-cb6ddc1 sc_height_small sc_fly_static elementor-widget elementor-widget-spacer\" data-id=\"cb6ddc1\" data-element_type=\"widget\" data-widget_type=\"spacer.default\">\n\t\t\t\t<div class=\"elementor-widget-container\">\n\t\t\t\t\t\t\t<div class=\"elementor-spacer\">\n\t\t\t<div class=\"elementor-spacer-inner\"><\/div>\n\t\t<\/div>\n\t\t\t\t\t\t<\/div>\n\t\t\t\t<\/div>\n\t\t\t\t<div class=\"elementor-element elementor-element-2a0a85e sc_fly_static elementor-widget elementor-widget-trx_sc_icons\" data-id=\"2a0a85e\" data-element_type=\"widget\" data-widget_type=\"trx_sc_icons.default\">\n\t\t\t\t<div class=\"elementor-widget-container\">\n\t\t\t\t\t<div \tclass=\"sc_icons sc_icons_number sc_icons_size_medium sc_align_none\" ><div class=\"sc_icons_columns_wrap sc_item_columns trx_addons_columns_wrap columns_padding_bottom columns_in_single_row\" ><div class=\"trx_addons_column-1_3\"><div class=\"sc_icons_item with_more\"><span class=\"sc_icons_item_number\">01<\/span>                <div class=\"sc_icons_item_header\"><h4 class=\"sc_icons_item_title\"><span>WANG TZYY<\/span><\/h4><\/div><div class=\"sc_icons_item_details\"><div class=\"sc_icons_item_description translation-block\"><span>5-axis CNC lathe<\/span><span>1 spindle<\/span><span>Up to \u03a6 25<\/span><span><\/div><\/div><\/div><\/div><div class=\"trx_addons_column-1_3\"><div class=\"sc_icons_item with_more\"><span class=\"sc_icons_item_number\">02<\/span>                <div class=\"sc_icons_item_header\"><h4 class=\"sc_icons_item_title\"><span>QUICK TECH TT42<\/span><\/h4><\/div><div class=\"sc_icons_item_details\"><div class=\"sc_icons_item_description translation-block\"><span>8-axis CNC lathe<\/span><span>2 spindles<\/span><span><span><\/span><\/span><span><\/div><\/div><\/div><\/div><div class=\"trx_addons_column-1_3\"><div class=\"sc_icons_item with_more\"><span class=\"sc_icons_item_number\">03<\/span>                <div class=\"sc_icons_item_header\"><h4 class=\"sc_icons_item_title\"><span>INDEX GE65<\/span><\/h4><\/div><div class=\"sc_icons_item_details\"><div class=\"sc_icons_item_description translation-block\"><span>4-axis CNC lathe<\/span><span>1 spindle<\/span><span>2 turrets<\/span><span>Up to \u03a6 65<\/span><span><span><\/span><\/span><span><\/div><\/div><\/div><\/div><\/div><\/div><!-- \/.sc_icons -->\t\t\t\t<\/div>\n\t\t\t\t<\/div>\n\t\t\t\t<div class=\"elementor-element elementor-element-ff43230 sc_layouts_hide_on_notebook sc_layouts_hide_on_tablet sc_layouts_hide_on_mobile sc_fly_static elementor-widget elementor-widget-spacer\" data-id=\"ff43230\" data-element_type=\"widget\" data-widget_type=\"spacer.default\">\n\t\t\t\t<div class=\"elementor-widget-container\">\n\t\t\t\t\t\t\t<div class=\"elementor-spacer\">\n\t\t\t<div class=\"elementor-spacer-inner\"><\/div>\n\t\t<\/div>\n\t\t\t\t\t\t<\/div>\n\t\t\t\t<\/div>\n\t\t\t\t<div class=\"elementor-element elementor-element-90d9bd9 sc_height_medium sc_fly_static elementor-widget elementor-widget-spacer\" data-id=\"90d9bd9\" data-element_type=\"widget\" data-widget_type=\"spacer.default\">\n\t\t\t\t<div class=\"elementor-widget-container\">\n\t\t\t\t\t\t\t<div class=\"elementor-spacer\">\n\t\t\t<div class=\"elementor-spacer-inner\"><\/div>\n\t\t<\/div>\n\t\t\t\t\t\t<\/div>\n\t\t\t\t<\/div>\n\t\t\t\t\t<\/div>\n\t\t<\/div>\n\t\t\t\t\t<\/div>\n\t\t<\/section>\n\t\t\t\t\t<\/div>\n\t\t<\/div>\n\t\t\t\t\t<\/div>\n\t\t<\/section>\n\t\t\t\t<section class=\"elementor-section elementor-top-section elementor-element elementor-element-fbfb7e5 scheme_default elementor-section-boxed elementor-section-height-default elementor-section-height-default sc_fly_static\" data-id=\"fbfb7e5\" data-element_type=\"section\">\n\t\t\t\t\t\t<div class=\"elementor-container elementor-column-gap-extended\">\n\t\t\t\t\t<div class=\"elementor-column elementor-col-100 elementor-top-column elementor-element elementor-element-edb0f7c sc_inner_width_none sc_content_align_inherit sc_layouts_column_icons_position_left sc_fly_static\" data-id=\"edb0f7c\" data-element_type=\"column\">\n\t\t\t<div class=\"elementor-widget-wrap elementor-element-populated\">\n\t\t\t\t\t\t<section class=\"elementor-section elementor-inner-section elementor-element elementor-element-19ad908 elementor-section-boxed elementor-section-height-default elementor-section-height-default sc_fly_static\" data-id=\"19ad908\" data-element_type=\"section\">\n\t\t\t\t\t\t<div class=\"elementor-container elementor-column-gap-extended\">\n\t\t\t\t\t<div class=\"elementor-column elementor-col-50 elementor-inner-column elementor-element elementor-element-b4b0126 sc_inner_width_none sc_content_align_inherit sc_layouts_column_icons_position_left sc_fly_static\" data-id=\"b4b0126\" data-element_type=\"column\">\n\t\t\t<div class=\"elementor-widget-wrap elementor-element-populated\">\n\t\t\t\t\t\t<div class=\"elementor-element elementor-element-39cf95c sc_fly_static elementor-widget elementor-widget-image\" data-id=\"39cf95c\" data-element_type=\"widget\" data-widget_type=\"image.default\">\n\t\t\t\t<div class=\"elementor-widget-container\">\n\t\t\t\t\t\t\t\t\t\t\t\t\t\t\t<img decoding=\"async\" width=\"366\" height=\"292\" src=\"https:\/\/rda.si\/wp-content\/uploads\/2024\/04\/navijalnistrojiaumann.webp\" class=\"attachment-large size-large wp-image-7768\" alt=\"\" srcset=\"https:\/\/rda.si\/wp-content\/uploads\/2024\/04\/navijalnistrojiaumann.webp 366w, https:\/\/rda.si\/wp-content\/uploads\/2024\/04\/navijalnistrojiaumann-300x239.webp 300w, https:\/\/rda.si\/wp-content\/uploads\/2024\/04\/navijalnistrojiaumann-15x12.webp 15w\" sizes=\"(max-width: 600px) 100vw, 366px\" \/>\t\t\t\t\t\t\t\t\t\t\t\t\t\t\t<\/div>\n\t\t\t\t<\/div>\n\t\t\t\t\t<\/div>\n\t\t<\/div>\n\t\t\t\t<div class=\"elementor-column elementor-col-50 elementor-inner-column elementor-element elementor-element-0e008b8 sc_inner_width_none sc_content_align_inherit sc_layouts_column_icons_position_left sc_fly_static\" data-id=\"0e008b8\" data-element_type=\"column\">\n\t\t\t<div class=\"elementor-widget-wrap elementor-element-populated\">\n\t\t\t\t\t\t<div class=\"elementor-element elementor-element-20a5a63 sc_fly_static elementor-widget elementor-widget-trx_sc_title\" data-id=\"20a5a63\" data-element_type=\"widget\" data-widget_type=\"trx_sc_title.default\">\n\t\t\t\t<div class=\"elementor-widget-container\">\n\t\t\t\t\t<div\t\tclass=\"sc_title sc_title_default\" ><h1 class=\"sc_item_title sc_title_title sc_item_title_style_default sc_item_title_tag\"\n\t\t\t><span class=\"sc_item_title_text\">CNC winding machines<\/span><\/h1><\/div>\t\t\t\t<\/div>\n\t\t\t\t<\/div>\n\t\t\t\t<div class=\"elementor-element elementor-element-d4e62a9 sc_fly_static elementor-widget elementor-widget-spacer\" data-id=\"d4e62a9\" data-element_type=\"widget\" data-widget_type=\"spacer.default\">\n\t\t\t\t<div class=\"elementor-widget-container\">\n\t\t\t\t\t\t\t<div class=\"elementor-spacer\">\n\t\t\t<div class=\"elementor-spacer-inner\"><\/div>\n\t\t<\/div>\n\t\t\t\t\t\t<\/div>\n\t\t\t\t<\/div>\n\t\t\t\t<div class=\"elementor-element elementor-element-ab07ab8 sc_fly_static elementor-widget elementor-widget-text-editor\" data-id=\"ab07ab8\" data-element_type=\"widget\" data-widget_type=\"text-editor.default\">\n\t\t\t\t<div class=\"elementor-widget-container\">\n\t\t\t\t\t\t\t\t\t<p>We offer specialised winding services to produce high-quality windings for electric motors, transformers, sensors and other applications. With our advanced winding machines, we can achieve precise winding specifications that ensure optimum performance of your devices. Our reliability, precision and flexibility allow us to meet the diverse needs of our customers and ensure superior product quality.<\/p>\t\t\t\t\t\t\t\t<\/div>\n\t\t\t\t<\/div>\n\t\t\t\t\t<\/div>\n\t\t<\/div>\n\t\t\t\t\t<\/div>\n\t\t<\/section>\n\t\t\t\t<section class=\"elementor-section elementor-inner-section elementor-element elementor-element-9202cf4 elementor-section-boxed elementor-section-height-default elementor-section-height-default sc_fly_static\" data-id=\"9202cf4\" data-element_type=\"section\">\n\t\t\t\t\t\t<div class=\"elementor-container elementor-column-gap-no\">\n\t\t\t\t\t<div class=\"elementor-column elementor-col-100 elementor-inner-column elementor-element elementor-element-309e7e2 sc_inner_width_none sc_content_align_inherit sc_layouts_column_icons_position_left sc_fly_static\" data-id=\"309e7e2\" data-element_type=\"column\">\n\t\t\t<div class=\"elementor-widget-wrap elementor-element-populated\">\n\t\t\t\t\t\t<div class=\"elementor-element elementor-element-8d7164b sc_height_small sc_fly_static elementor-widget elementor-widget-spacer\" data-id=\"8d7164b\" data-element_type=\"widget\" data-widget_type=\"spacer.default\">\n\t\t\t\t<div class=\"elementor-widget-container\">\n\t\t\t\t\t\t\t<div class=\"elementor-spacer\">\n\t\t\t<div class=\"elementor-spacer-inner\"><\/div>\n\t\t<\/div>\n\t\t\t\t\t\t<\/div>\n\t\t\t\t<\/div>\n\t\t\t\t<div class=\"elementor-element elementor-element-d9b9256 sc_fly_static elementor-widget elementor-widget-trx_sc_icons\" data-id=\"d9b9256\" data-element_type=\"widget\" data-widget_type=\"trx_sc_icons.default\">\n\t\t\t\t<div class=\"elementor-widget-container\">\n\t\t\t\t\t<div \tclass=\"sc_icons sc_icons_number sc_icons_size_medium sc_align_none\" ><div class=\"sc_icons_columns_wrap sc_item_columns trx_addons_columns_wrap columns_padding_bottom\" ><div class=\"trx_addons_column-1_3\"><div class=\"sc_icons_item with_more\"><span class=\"sc_icons_item_number\">01<\/span>                <div class=\"sc_icons_item_header\"><h4 class=\"sc_icons_item_title\"><span>LWS 80<\/span><\/h4><\/div><div class=\"sc_icons_item_details\"><div class=\"sc_icons_item_description translation-block\"><span>8 spindles<\/span><span><span>Wire thickness from 0,05 mm - 1 mm<\/span><span><\/div><\/div><\/div><\/div><div class=\"trx_addons_column-1_3\"><div class=\"sc_icons_item with_more\"><span class=\"sc_icons_item_number\">02<\/span>                <div class=\"sc_icons_item_header\"><h4 class=\"sc_icons_item_title\"><span>Meteor ME 307<\/span><\/h4><\/div><div class=\"sc_icons_item_details\"><div class=\"sc_icons_item_description\"><span>Wire thickness from 0,02 mm - 0,05 mm<\/span><\/div><\/div><\/div><\/div><div class=\"trx_addons_column-1_3\"><div class=\"sc_icons_item with_more\"><span class=\"sc_icons_item_number\">03<\/span>                <div class=\"sc_icons_item_header\"><h4 class=\"sc_icons_item_title\"><span>Aumann<\/span><\/h4><\/div><div class=\"sc_icons_item_details\"><div class=\"sc_icons_item_description translation-block\"><span>1 spindle<\/span><span><span>Wire thickness up to 3 mm<\/span><span><\/div><\/div><\/div><\/div><div class=\"trx_addons_column-1_3\"><div class=\"sc_icons_item with_more\"><span class=\"sc_icons_item_number\">04<\/span>                <div class=\"sc_icons_item_header\"><h4 class=\"sc_icons_item_title\"><span>WH 751<\/span><\/h4><\/div><div class=\"sc_icons_item_details\"><div class=\"sc_icons_item_description translation-block\"><span>1 spindle<\/span><span><span>Wire thickness from 0,02 mm to 5 mm<\/span><span>Possibility to produce air coils<\/span><span><\/div><\/div><\/div><\/div><\/div><\/div><!-- \/.sc_icons -->\t\t\t\t<\/div>\n\t\t\t\t<\/div>\n\t\t\t\t<div class=\"elementor-element elementor-element-043a299 sc_layouts_hide_on_notebook sc_layouts_hide_on_tablet sc_layouts_hide_on_mobile sc_fly_static elementor-widget elementor-widget-spacer\" data-id=\"043a299\" data-element_type=\"widget\" data-widget_type=\"spacer.default\">\n\t\t\t\t<div class=\"elementor-widget-container\">\n\t\t\t\t\t\t\t<div class=\"elementor-spacer\">\n\t\t\t<div class=\"elementor-spacer-inner\"><\/div>\n\t\t<\/div>\n\t\t\t\t\t\t<\/div>\n\t\t\t\t<\/div>\n\t\t\t\t<div class=\"elementor-element elementor-element-70dce3f sc_height_medium sc_fly_static elementor-widget elementor-widget-spacer\" data-id=\"70dce3f\" data-element_type=\"widget\" data-widget_type=\"spacer.default\">\n\t\t\t\t<div class=\"elementor-widget-container\">\n\t\t\t\t\t\t\t<div class=\"elementor-spacer\">\n\t\t\t<div class=\"elementor-spacer-inner\"><\/div>\n\t\t<\/div>\n\t\t\t\t\t\t<\/div>\n\t\t\t\t<\/div>\n\t\t\t\t\t<\/div>\n\t\t<\/div>\n\t\t\t\t\t<\/div>\n\t\t<\/section>\n\t\t\t\t\t<\/div>\n\t\t<\/div>\n\t\t\t\t\t<\/div>\n\t\t<\/section>\n\t\t\t\t<\/div>","protected":false},"excerpt":{"rendered":"<p>CNC stru\u017enice Zagotavljamo visoko natan\u010dno CNC stru\u017eenje za razli\u010dne materiale in oblike. Na\u0161i CNC stru\u017eni&hellip;<\/p>","protected":false},"author":1,"featured_media":0,"parent":0,"menu_order":0,"comment_status":"closed","ping_status":"closed","template":"","meta":{"footnotes":""},"class_list":["post-7223","page","type-page","status-publish","hentry"],"jetpack_sharing_enabled":true,"_links":{"self":[{"href":"http:\/\/rda.si\/en\/wp-json\/wp\/v2\/pages\/7223","targetHints":{"allow":["GET"]}}],"collection":[{"href":"http:\/\/rda.si\/en\/wp-json\/wp\/v2\/pages"}],"about":[{"href":"http:\/\/rda.si\/en\/wp-json\/wp\/v2\/types\/page"}],"author":[{"embeddable":true,"href":"http:\/\/rda.si\/en\/wp-json\/wp\/v2\/users\/1"}],"replies":[{"embeddable":true,"href":"http:\/\/rda.si\/en\/wp-json\/wp\/v2\/comments?post=7223"}],"version-history":[{"count":324,"href":"http:\/\/rda.si\/en\/wp-json\/wp\/v2\/pages\/7223\/revisions"}],"predecessor-version":[{"id":7777,"href":"http:\/\/rda.si\/en\/wp-json\/wp\/v2\/pages\/7223\/revisions\/7777"}],"wp:attachment":[{"href":"http:\/\/rda.si\/en\/wp-json\/wp\/v2\/media?parent=7223"}],"curies":[{"name":"wp","href":"https:\/\/api.w.org\/{rel}","templated":true}]}}